{"id":871,"date":"2018-08-08T19:35:23","date_gmt":"2018-08-08T19:35:23","guid":{"rendered":"https:\/\/actuacionennewyork.com\/?page_id=16"},"modified":"2023-06-02T20:16:48","modified_gmt":"2023-06-02T20:16:48","slug":"admision","status":"publish","type":"page","link":"https:\/\/ny-aa.com\/espanol\/admision\/","title":{"rendered":"Admision"},"content":{"rendered":"<p>[vc_row type=&#8221;vc_default&#8221; full_width=&#8221;stretch_row_content_no_spaces&#8221;][vc_column][masterslider_pb alias=&#8221;ms-98-1&#8243;][\/vc_column][\/vc_row][vc_row][vc_column][vc_empty_space][vc_custom_heading text=&#8221;ADMISI\u00d3N&#8221; font_container=&#8221;tag:h1|text_align:center&#8221; google_fonts=&#8221;font_family:Lato%3A100%2C100italic%2C300%2C300italic%2Cregular%2Citalic%2C700%2C700italic%2C900%2C900italic|font_style:300%20light%20regular%3A300%3Anormal&#8221; css_animation=&#8221;fadeIn&#8221;][vc_separator color=&#8221;sky&#8221; el_width=&#8221;20&#8243; css_animation=&#8221;bounceIn&#8221;][vc_custom_heading text=&#8221;Nuestros seminarios intensivos est\u00e1n orientados a estudiantes y profesionales de la actuaci\u00f3n.<br \/>\nTambi\u00e9n se dictan cursos especiales de introducci\u00f3n a la actuaci\u00f3n para personas sin experiencia previa<br \/>\n(consultar fechas especiales)&#8221; font_container=&#8221;tag:h3|font_size:22|text_align:center&#8221; google_fonts=&#8221;font_family:Lato%3A100%2C100italic%2C300%2C300italic%2Cregular%2Citalic%2C700%2C700italic%2C900%2C900italic|font_style:300%20light%20regular%3A300%3Anormal&#8221; css_animation=&#8221;fadeIn&#8221;][vc_row_inner][vc_column_inner width=&#8221;1\/2&#8243;][vc_empty_space]<div class=\"uavc-list-icon uavc-list-icon-wrapper ult-adjust-bottom-margin   \"><ul class=\"uavc-list\"><li><div class=\"uavc-list-content\" id=\"list-icon-wrap-4525\">\n<div class=\"uavc-list-icon  \" data-animation=\"\" data-animation-delay=\"03\" style=\"margin-right:5px;\"><div class=\"ult-just-icon-wrapper  \"><div class=\"align-icon\" style=\"text-align:center;\">\n<div class=\"aio-icon-img \" style=\"font-size:100px;display:inline-block;\" >\n\t<img decoding=\"async\" class=\"img-icon\" alt=\"null\" src=\"https:\/\/ny-aa.com\/espanol\/wp-content\/uploads\/2018\/08\/PASO1.png\"\/>\n<\/div><\/div><\/div>\n<\/div><span  data-ultimate-target='#list-icon-wrap-4525 .uavc-list-desc'  data-responsive-json-new='{\"font-size\":\"\",\"line-height\":\"\"}'  class=\"uavc-list-desc ult-responsive\" style=\"\"><\/p>\n<p style=\"text-align: justify;\"><span style=\"font-size: 12pt;\">El proceso de admisi\u00f3n comienza con el env\u00edo de un correo detallando datos personales, de contacto y la experiencia en estudios de actuaci\u00f3n, y &#8211; en caso de tenerla &#8211; trabajos profesionales.<\/span><\/p>\n<p><\/span><\/div><\/li><li><div class=\"uavc-list-content\" id=\"list-icon-wrap-3336\">\n<div class=\"uavc-list-icon  \" data-animation=\"\" data-animation-delay=\"03\" style=\"margin-right:5px;\"><div class=\"ult-just-icon-wrapper  \"><div class=\"align-icon\" style=\"text-align:center;\">\n<div class=\"aio-icon-img \" style=\"font-size:100px;display:inline-block;\" >\n\t<img decoding=\"async\" class=\"img-icon\" alt=\"null\" src=\"https:\/\/ny-aa.com\/espanol\/wp-content\/uploads\/2018\/08\/paso2.png\"\/>\n<\/div><\/div><\/div>\n<\/div><span  data-ultimate-target='#list-icon-wrap-3336 .uavc-list-desc'  data-responsive-json-new='{\"font-size\":\"\",\"line-height\":\"\"}'  class=\"uavc-list-desc ult-responsive\" style=\"\"><\/p>\n<p style=\"text-align: justify;\"><span style=\"font-size: 12pt;\">Una vez recibido respuesta con la informaci\u00f3n requerida y estar de acuerdo con las condiciones, se debe enviar un self tape presentaci\u00f3n con duraci\u00f3n maxima de 30 segundos donde exponga su relaci\u00f3n con la actuaci\u00f3n y el porque de la intenci\u00f3n de aplicar a nuestra formaci\u00f3n. Le informaremos si ha aplicado entre 24hs a 48hs a la recepci\u00f3n de su pedido.<\/span><\/p>\n<p><\/span><\/div><\/li><\/ul><\/div>[\/vc_column_inner][vc_column_inner width=&#8221;1\/2&#8243;][vc_empty_space][vc_single_image image=&#8221;855&#8243; img_size=&#8221;medium&#8221; alignment=&#8221;center&#8221; style=&#8221;vc_box_circle_2&#8243; css_animation=&#8221;bounceIn&#8221;][\/vc_column_inner][\/vc_row_inner][\/vc_column][\/vc_row][vc_row type=&#8221;vc_default&#8221; full_width=&#8221;stretch_row&#8221; bg_type=&#8221;grad&#8221; bg_grad=&#8221;background: -webkit-gradient(linear, left top, left bottom, color-stop(0%, #FFFFFF), color-stop(100%, #E3E3E3));background: -moz-linear-gradient(left,#FFFFFF 0%,#E3E3E3 100%);background: -webkit-linear-gradient(left,#FFFFFF 0%,#E3E3E3 100%);background: -o-linear-gradient(left,#FFFFFF 0%,#E3E3E3 100%);background: -ms-linear-gradient(left,#FFFFFF 0%,#E3E3E3 100%);background: linear-gradient(left,#FFFFFF 0%,#E3E3E3 100%);&#8221;][vc_column][vc_custom_heading text=&#8221;El cupo de cada seminario es limitado y al ser anual, las vacantes suelen completarse r\u00e1pidamente a\u00f1o tras a\u00f1o.<\/p>\n<p>Los elegidos para esta experiencia, desde el momento en que se les confirma la plaza, interact\u00faan, se vinculan y se los mantiene informados sobre las actividades, despejan dudas y se les actualiza peri\u00f3dicamente informaci\u00f3n de inter\u00e9s, en un foro privado de contacto on-line especialmente creado para cada seminario.&#8221; font_container=&#8221;tag:h3|font_size:22|text_align:center|color:%233d3d3d&#8221; google_fonts=&#8221;font_family:Lato%3A100%2C100italic%2C300%2C300italic%2Cregular%2Citalic%2C700%2C700italic%2C900%2C900italic|font_style:300%20light%20regular%3A300%3Anormal&#8221; css_animation=&#8221;bounceIn&#8221;][vc_empty_space][\/vc_column][\/vc_row][vc_row type=&#8221;vc_default&#8221; full_width=&#8221;stretch_row_content&#8221; content_placement=&#8221;top&#8221; bg_type=&#8221;image&#8221; parallax_style=&#8221;vcpb-default&#8221; bg_image_new=&#8221;id^542|url^https:\/\/ny-aa.com\/espanol\/wp-content\/uploads\/2020\/12\/fdoadmisioninf-1.jpg|caption^null|alt^null|title^fdoadmisioninf|description^null&#8221; bg_image_repeat=&#8221;no-repeat&#8221; bg_override=&#8221;ex-full&#8221;][vc_column width=&#8221;1\/4&#8243;][\/vc_column][vc_column width=&#8221;1\/2&#8243;][vc_empty_space][vc_custom_heading text=&#8221;VIVE ESTA INCREIBLE EXPERIENCIA&#8221; font_container=&#8221;tag:h1|text_align:center|color:%23edbd00&#8243; google_fonts=&#8221;font_family:Lato%3A100%2C100italic%2C300%2C300italic%2Cregular%2Citalic%2C700%2C700italic%2C900%2C900italic|font_style:300%20light%20regular%3A300%3Anormal&#8221; css_animation=&#8221;bounceIn&#8221;][vc_empty_space][vc_custom_heading text=&#8221;Cada a\u00f1o recibimos en nuestra sede de New York a entusiastas actores y actrices enfocados y apasionados en transitar esta maravillosa experiencia, ser\u00eda fant\u00e1stico conocerte y tenerte aqui muy pronto, te esperamos!&#8221; font_container=&#8221;tag:h3|text_align:center|color:%23ffffff&#8221; google_fonts=&#8221;font_family:Lato%3A100%2C100italic%2C300%2C300italic%2Cregular%2Citalic%2C700%2C700italic%2C900%2C900italic|font_style:300%20light%20regular%3A300%3Anormal&#8221; css_animation=&#8221;bounceIn&#8221;][vc_empty_space height=&#8221;62px&#8221;]<style type=\"text\/css\">#dt-btn-1 {color: #eded00;border-color: #eded00;}#dt-btn-1 > .text-wrap * {color: #eded00;}#dt-btn-1:hover {color: #ffffff;border-color: #ffffff;}#dt-btn-1:hover > .text-wrap * {color: #ffffff;}<\/style><div class=\"text-centered\"><a href=\"https:\/\/ny-aa.com\/espanol\/contacto\/\" class=\"btn-shortcode dt-btn-l dt-btn outline-btn custom-btn-color custom-btn-hover-color fadeIn animate-element animation-builder\" id=\"dt-btn-1\"><span>ENV\u00cdANOS TU MATERIAL<\/span><\/a><\/div>[vc_empty_space height=&#8221;62px&#8221;][\/vc_column][vc_column width=&#8221;1\/4&#8243;][\/vc_column][\/vc_row][vc_row type=&#8221;vc_default&#8221; full_width=&#8221;stretch_row_content_no_spaces&#8221;][vc_column][vc_custom_heading text=&#8221;S\u00cdGUENOS EN NUESTRAS REDES SOCIALES&#8221; font_container=&#8221;tag:h2|font_size:24|text_align:center&#8221; google_fonts=&#8221;font_family:Lato%3A100%2C100italic%2C300%2C300italic%2Cregular%2Citalic%2C700%2C700italic%2C900%2C900italic|font_style:300%20light%20regular%3A300%3Anormal&#8221; css_animation=&#8221;bounceIn&#8221;][vc_separator color=&#8221;sky&#8221; el_width=&#8221;20&#8243; css_animation=&#8221;fadeIn&#8221;][vc_column_text][instagram-feed][\/vc_column_text][\/vc_column][\/vc_row]<\/p>\n","protected":false},"excerpt":{"rendered":"<p>[vc_row type=&#8221;vc_default&#8221; full_width=&#8221;stretch_row_content_no_spaces&#8221;][vc_column][masterslider_pb alias=&#8221;ms-98-1&#8243;][\/vc_column][\/vc_row][vc_row][vc_column][vc_empty_space][vc_custom_heading text=&#8221;ADMISI\u00d3N&#8221; font_container=&#8221;tag:h1|text_align:center&#8221; google_fonts=&#8221;font_family:Lato%3A100%2C100italic%2C300%2C300italic%2Cregular%2Citalic%2C700%2C700italic%2C900%2C900italic|font_style:300%20light%20regular%3A300%3Anormal&#8221; css_animation=&#8221;fadeIn&#8221;][vc_separator color=&#8221;sky&#8221; el_width=&#8221;20&#8243; css_animation=&#8221;bounceIn&#8221;][vc_custom_heading text=&#8221;Nuestros seminarios intensivos est\u00e1n orientados a estudiantes y profesionales de la actuaci\u00f3n. Tambi\u00e9n se dictan cursos especiales de introducci\u00f3n a la actuaci\u00f3n para personas sin experiencia previa (consultar fechas especiales)&#8221; font_container=&#8221;tag:h3|font_size:22|text_align:center&#8221; google_fonts=&#8221;font_family:Lato%3A100%2C100italic%2C300%2C300italic%2Cregular%2Citalic%2C700%2C700italic%2C900%2C900italic|font_style:300%20light%20regular%3A300%3Anormal&#8221; css_animation=&#8221;fadeIn&#8221;][vc_row_inner][vc_column_inner width=&#8221;1\/2&#8243;][vc_empty_space][\/vc_column_inner][vc_column_inner width=&#8221;1\/2&#8243;][vc_empty_space][vc_single_image image=&#8221;855&#8243; img_size=&#8221;medium&#8221; alignment=&#8221;center&#8221; style=&#8221;vc_box_circle_2&#8243; css_animation=&#8221;bounceIn&#8221;][\/vc_column_inner][\/vc_row_inner][\/vc_column][\/vc_row][vc_row type=&#8221;vc_default&#8221; full_width=&#8221;stretch_row&#8221; bg_type=&#8221;grad&#8221; bg_grad=&#8221;background:&hellip;<\/p>\n","protected":false},"author":1,"featured_media":0,"parent":0,"menu_order":0,"comment_status":"closed","ping_status":"closed","template":"","meta":{"footnotes":""},"class_list":["post-871","page","type-page","status-publish","hentry","description-off"],"_links":{"self":[{"href":"https:\/\/ny-aa.com\/espanol\/wp-json\/wp\/v2\/pages\/871","targetHints":{"allow":["GET"]}}],"collection":[{"href":"https:\/\/ny-aa.com\/espanol\/wp-json\/wp\/v2\/pages"}],"about":[{"href":"https:\/\/ny-aa.com\/espanol\/wp-json\/wp\/v2\/types\/page"}],"author":[{"embeddable":true,"href":"https:\/\/ny-aa.com\/espanol\/wp-json\/wp\/v2\/users\/1"}],"replies":[{"embeddable":true,"href":"https:\/\/ny-aa.com\/espanol\/wp-json\/wp\/v2\/comments?post=871"}],"version-history":[{"count":2,"href":"https:\/\/ny-aa.com\/espanol\/wp-json\/wp\/v2\/pages\/871\/revisions"}],"predecessor-version":[{"id":899,"href":"https:\/\/ny-aa.com\/espanol\/wp-json\/wp\/v2\/pages\/871\/revisions\/899"}],"wp:attachment":[{"href":"https:\/\/ny-aa.com\/espanol\/wp-json\/wp\/v2\/media?parent=871"}],"curies":[{"name":"wp","href":"https:\/\/api.w.org\/{rel}","templated":true}]}}